{"id":102,"date":"2023-05-05T19:57:42","date_gmt":"2023-05-05T19:57:42","guid":{"rendered":"https:\/\/ss200929ht4436spr23.students.acg.edu\/ss200929Project\/wordpress\/?page_id=102"},"modified":"2023-05-06T12:39:43","modified_gmt":"2023-05-06T12:39:43","slug":"photo-gallery","status":"publish","type":"page","link":"https:\/\/ss200929ht4436spr23.students.acg.edu\/ss200929Project\/wordpress\/photo-gallery\/","title":{"rendered":"Three most known regions of Crete"},"content":{"rendered":"\n<p>Three words that describe Crete: Tradition, Culture and <strong>Extraordinary Beauty<\/strong><\/p>\n\n\n\n<h2 class=\"wp-block-heading\"><em>Heraklion, Crete<\/em><\/h2>\n\n\n\n<figure class=\"wp-block-gallery has-nested-images columns-default is-cropped wp-block-gallery-1 is-layout-flex\">\n<figure class=\"wp-block-image size-large\"><img decoding=\"async\" loading=\"lazy\" width=\"548\" height=\"318\" data-id=\"206\"  src=\"https:\/\/ss200929ht4436spr23.students.acg.edu\/ss200929Project\/wordpress\/wp-content\/uploads\/2023\/05\/Heraklionn.jpeg\" alt=\"\" class=\"wp-image-206\" srcset=\"https:\/\/ss200929ht4436spr23.students.acg.edu\/ss200929Project\/wordpress\/wp-content\/uploads\/2023\/05\/Heraklionn.jpeg 548w, https:\/\/ss200929ht4436spr23.students.acg.edu\/ss200929Project\/wordpress\/wp-content\/uploads\/2023\/05\/Heraklionn-300x174.jpeg 300w, https:\/\/ss200929ht4436spr23.students.acg.edu\/ss200929Project\/wordpress\/wp-content\/uploads\/2023\/05\/Heraklionn-350x203.jpeg 350w\" sizes=\"(max-width: 548px) 100vw, 548px\" \/><\/figure>\n\n\n\n<figure class=\"wp-block-image size-large\"><img decoding=\"async\" loading=\"lazy\" width=\"342\" height=\"147\" data-id=\"207\"  src=\"https:\/\/ss200929ht4436spr23.students.acg.edu\/ss200929Project\/wordpress\/wp-content\/uploads\/2023\/05\/Hera.jpeg\" alt=\"\" class=\"wp-image-207\" srcset=\"https:\/\/ss200929ht4436spr23.students.acg.edu\/ss200929Project\/wordpress\/wp-content\/uploads\/2023\/05\/Hera.jpeg 342w, https:\/\/ss200929ht4436spr23.students.acg.edu\/ss200929Project\/wordpress\/wp-content\/uploads\/2023\/05\/Hera-300x129.jpeg 300w\" sizes=\"(max-width: 342px) 100vw, 342px\" \/><\/figure>\n\n\n\n<figure class=\"wp-block-image size-large\"><img decoding=\"async\" loading=\"lazy\" width=\"284\" height=\"177\" data-id=\"208\"  src=\"https:\/\/ss200929ht4436spr23.students.acg.edu\/ss200929Project\/wordpress\/wp-content\/uploads\/2023\/05\/Heraklionnnn.jpeg\" alt=\"\" class=\"wp-image-208\"\/><\/figure>\n\n\n\n<figure class=\"wp-block-image size-large\"><img decoding=\"async\" loading=\"lazy\" width=\"275\" height=\"183\" data-id=\"209\"  src=\"https:\/\/ss200929ht4436spr23.students.acg.edu\/ss200929Project\/wordpress\/wp-content\/uploads\/2023\/05\/heraklionnnnn.jpeg\" alt=\"\" class=\"wp-image-209\"\/><\/figure>\n\n\n\n<figure class=\"wp-block-image size-large\"><img decoding=\"async\" loading=\"lazy\" width=\"275\" height=\"183\" data-id=\"210\"  src=\"https:\/\/ss200929ht4436spr23.students.acg.edu\/ss200929Project\/wordpress\/wp-content\/uploads\/2023\/05\/heri.jpeg\" alt=\"\" class=\"wp-image-210\"\/><\/figure>\n\n\n\n<figure class=\"wp-block-image size-large\"><img decoding=\"async\" loading=\"lazy\" width=\"275\" height=\"183\" data-id=\"211\"  src=\"https:\/\/ss200929ht4436spr23.students.acg.edu\/ss200929Project\/wordpress\/wp-content\/uploads\/2023\/05\/hiraklion-1.jpeg\" alt=\"\" class=\"wp-image-211\"\/><\/figure>\n<\/figure>\n\n\n\n<p class=\"has-text-align-center\">&#8220;<strong>Heraklion<\/strong>, Modern Greek\u00a0<strong>Ir\u00e1kleio\u00a0<\/strong>and\u00a0<strong>Ir\u00e1klion, also spelled\u00a0Her\u00e1kleion<\/strong>, historically\u00a0<strong>Candia<\/strong>, largest city, a\u00a0<em>d\u00edmos<\/em>\u00a0(municipality), and principal port of the Greek island of\u00a0<a href=\"https:\/\/www.britannica.com\/place\/Crete\">Crete<\/a>\u00a0and capital of the\u00a0<em>pereferiak\u00ed en\u00f3tita<\/em>\u00a0(regional unit) Heraklion (Ir\u00e1kleio). It lies on the island\u2019s north coast along the\u00a0<a href=\"https:\/\/www.britannica.com\/place\/Sea-of-Crete\">Sea of Crete<\/a>, just northwest of the ancient Minoan capital of\u00a0<a href=\"https:\/\/www.britannica.com\/place\/Knossos\">Knossos<\/a>.&#8221;<\/p>\n\n\n\n<h2 class=\"wp-block-heading\"><em>Rethymnon, Crete<\/em><\/h2>\n\n\n\n<figure class=\"wp-block-gallery has-nested-images columns-default is-cropped wp-block-gallery-3 is-layout-flex\">\n<figure class=\"wp-block-image size-large\"><img decoding=\"async\" loading=\"lazy\" width=\"240\" height=\"210\" data-id=\"212\"  src=\"https:\/\/ss200929ht4436spr23.students.acg.edu\/ss200929Project\/wordpress\/wp-content\/uploads\/2023\/05\/unnamed-file.jpeg\" alt=\"\" class=\"wp-image-212\"\/><\/figure>\n\n\n\n<figure class=\"wp-block-image size-large\"><img decoding=\"async\" loading=\"lazy\" width=\"300\" height=\"168\" data-id=\"213\"  src=\"https:\/\/ss200929ht4436spr23.students.acg.edu\/ss200929Project\/wordpress\/wp-content\/uploads\/2023\/05\/ret.jpeg\" alt=\"\" class=\"wp-image-213\"\/><\/figure>\n\n\n\n<figure class=\"wp-block-image size-large\"><img decoding=\"async\" loading=\"lazy\" width=\"300\" height=\"168\" data-id=\"214\"  src=\"https:\/\/ss200929ht4436spr23.students.acg.edu\/ss200929Project\/wordpress\/wp-content\/uploads\/2023\/05\/reth.jpeg\" alt=\"\" class=\"wp-image-214\"\/><\/figure>\n\n\n\n<figure class=\"wp-block-image size-large\"><img decoding=\"async\" loading=\"lazy\" width=\"258\" height=\"195\" data-id=\"215\"  src=\"https:\/\/ss200929ht4436spr23.students.acg.edu\/ss200929Project\/wordpress\/wp-content\/uploads\/2023\/05\/rethimno.jpeg\" alt=\"\" class=\"wp-image-215\"\/><\/figure>\n\n\n\n<figure class=\"wp-block-image size-large\"><img decoding=\"async\" loading=\"lazy\" width=\"275\" height=\"183\" data-id=\"216\"  src=\"https:\/\/ss200929ht4436spr23.students.acg.edu\/ss200929Project\/wordpress\/wp-content\/uploads\/2023\/05\/Rethym.jpeg\" alt=\"\" class=\"wp-image-216\"\/><\/figure>\n\n\n\n<figure class=\"wp-block-image size-large\"><img decoding=\"async\" loading=\"lazy\" width=\"275\" height=\"183\" data-id=\"43\"  src=\"https:\/\/ss200929ht4436spr23.students.acg.edu\/ss200929Project\/wordpress\/wp-content\/uploads\/2023\/05\/re.jpeg\" alt=\"\" class=\"wp-image-43\"\/><\/figure>\n<\/figure>\n\n\n\n<p class=\"has-text-align-center\">&#8220;<strong>R\u00e9thymno<\/strong>, also spelled\u00a0<strong>R\u00e9thimnon<\/strong>, historically\u00a0<strong>Rhithymna<\/strong>, town,\u00a0<em>d\u00edmos<\/em>\u00a0(municipality), and capital of the\u00a0<em>pereferiak\u00ed en\u00f3tita<\/em>\u00a0(regional unit) of R\u00e9thymno, on the north coast of\u00a0<a href=\"https:\/\/www.britannica.com\/place\/Crete\">Crete<\/a>,\u00a0<a href=\"https:\/\/www.britannica.com\/place\/Greece\">Greece<\/a>. A town and port on Almyro\u00fa (Almiro\u00fa) Bay, it lies north of the ancient\u00a0<a href=\"https:\/\/www.britannica.com\/place\/Mycenae\">Mycenaean<\/a>\u00a0town of Rhithymna.&#8221;<\/p>\n\n\n\n<h2 class=\"wp-block-heading\"><em>Chania, Crete<\/em><\/h2>\n\n\n\n<figure class=\"wp-block-gallery has-nested-images columns-default is-cropped wp-block-gallery-5 is-layout-flex\">\n<figure class=\"wp-block-image size-large\"><img decoding=\"async\" loading=\"lazy\" width=\"259\" height=\"194\" data-id=\"217\"  src=\"https:\/\/ss200929ht4436spr23.students.acg.edu\/ss200929Project\/wordpress\/wp-content\/uploads\/2023\/05\/CHAN.jpeg\" alt=\"\" class=\"wp-image-217\"\/><\/figure>\n\n\n\n<figure class=\"wp-block-image size-large\"><img decoding=\"async\" loading=\"lazy\" width=\"217\" height=\"232\" data-id=\"218\"  src=\"https:\/\/ss200929ht4436spr23.students.acg.edu\/ss200929Project\/wordpress\/wp-content\/uploads\/2023\/05\/CHANIAA.jpeg\" alt=\"\" class=\"wp-image-218\"\/><\/figure>\n\n\n\n<figure class=\"wp-block-image size-large\"><img decoding=\"async\" loading=\"lazy\" width=\"276\" height=\"183\" data-id=\"219\"  src=\"https:\/\/ss200929ht4436spr23.students.acg.edu\/ss200929Project\/wordpress\/wp-content\/uploads\/2023\/05\/CHANIAAAA.jpeg\" alt=\"\" class=\"wp-image-219\"\/><\/figure>\n\n\n\n<figure class=\"wp-block-image size-large\"><img decoding=\"async\" loading=\"lazy\" width=\"276\" height=\"183\" data-id=\"220\"  src=\"https:\/\/ss200929ht4436spr23.students.acg.edu\/ss200929Project\/wordpress\/wp-content\/uploads\/2023\/05\/chN.jpeg\" alt=\"\" class=\"wp-image-220\"\/><\/figure>\n\n\n\n<figure class=\"wp-block-image size-large\"><img decoding=\"async\" loading=\"lazy\" width=\"275\" height=\"183\" data-id=\"14\"  src=\"https:\/\/ss200929ht4436spr23.students.acg.edu\/ss200929Project\/wordpress\/wp-content\/uploads\/2023\/05\/CRT.jpeg\" alt=\"\" class=\"wp-image-14\"\/><\/figure>\n\n\n\n<figure class=\"wp-block-image size-large\"><img decoding=\"async\" loading=\"lazy\" width=\"1024\" height=\"614\" data-id=\"28\"  src=\"https:\/\/ss200929ht4436spr23.students.acg.edu\/ss200929Project\/wordpress\/wp-content\/uploads\/2023\/05\/cropped-CR-1024x614.jpeg\" alt=\"\" class=\"wp-image-28\" srcset=\"https:\/\/ss200929ht4436spr23.students.acg.edu\/ss200929Project\/wordpress\/wp-content\/uploads\/2023\/05\/cropped-CR-1024x614.jpeg 1024w, https:\/\/ss200929ht4436spr23.students.acg.edu\/ss200929Project\/wordpress\/wp-content\/uploads\/2023\/05\/cropped-CR-350x210.jpeg 350w, https:\/\/ss200929ht4436spr23.students.acg.edu\/ss200929Project\/wordpress\/wp-content\/uploads\/2023\/05\/cropped-CR-300x180.jpeg 300w, https:\/\/ss200929ht4436spr23.students.acg.edu\/ss200929Project\/wordpress\/wp-content\/uploads\/2023\/05\/cropped-CR-768x461.jpeg 768w, https:\/\/ss200929ht4436spr23.students.acg.edu\/ss200929Project\/wordpress\/wp-content\/uploads\/2023\/05\/cropped-CR-1536x922.jpeg 1536w, https:\/\/ss200929ht4436spr23.students.acg.edu\/ss200929Project\/wordpress\/wp-content\/uploads\/2023\/05\/cropped-CR.jpeg 2000w\" sizes=\"(max-width: 767px) 89vw, (max-width: 1000px) 54vw, (max-width: 1071px) 543px, 580px\" \/><\/figure>\n<\/figure>\n\n\n\n<p class=\"has-text-align-center\">&#8220;<strong>Chani\u00e1<\/strong>, also spelled\u00a0<strong>Khani\u00e1\u00a0<\/strong>or historically\u00a0<strong>Canea<\/strong>, city,\u00a0<em>d\u00edmos<\/em>\u00a0(municipality), port, and capital of Chani\u00e1<em>pereferiak\u00ed en\u00f3tita<\/em>\u00a0(regional unit), on the northwestern coast of\u00a0<a href=\"https:\/\/www.britannica.com\/place\/Crete\">Crete<\/a>,\u00a0<a href=\"https:\/\/www.britannica.com\/place\/Greece\">Greece<\/a>. It was the capital of Crete from 1841 to 1971. The city lies along the southeastern corner of the\u00a0<a href=\"https:\/\/www.britannica.com\/place\/Gulf-of-Khania\">Gulf of Khani\u00e1<\/a>\u00a0and occupies the neck of the low, bulbous Akrot\u00edri Peninsula between the gulf and So\u00fadas (So\u00fadhas) Bay (farther east) on the site of ancient Kydonia.&#8221;<\/p>\n\n\n\n<h2 class=\"wp-block-heading\"><\/h2>\n\n\n\n<p><\/p>\n","protected":false},"excerpt":{"rendered":"<p>Three words that describe Crete: Tradition, Culture and Extraordinary Beauty Heraklion, Crete &#8220;Heraklion, Modern Greek\u00a0Ir\u00e1kleio\u00a0and\u00a0Ir\u00e1klion, also spelled\u00a0Her\u00e1kleion, historically\u00a0Candia, largest city, a\u00a0d\u00edmos\u00a0(municipality), and principal port of the Greek island of\u00a0Crete\u00a0and capital of the\u00a0pereferiak\u00ed en\u00f3tita\u00a0(regional unit) Heraklion (Ir\u00e1kleio). It lies on the island\u2019s north coast along the\u00a0Sea of Crete, just northwest of the ancient Minoan capital of\u00a0Knossos.&#8221; &hellip; <\/p>\n<p class=\"link-more\"><a href=\"https:\/\/ss200929ht4436spr23.students.acg.edu\/ss200929Project\/wordpress\/photo-gallery\/\" class=\"more-link\">Continue reading<span class=\"screen-reader-text\"> &#8220;Three most known regions of Crete&#8221;<\/span><\/a><\/p>\n","protected":false},"author":1,"featured_media":0,"parent":0,"menu_order":0,"comment_status":"closed","ping_status":"closed","template":"","meta":[],"_links":{"self":[{"href":"https:\/\/ss200929ht4436spr23.students.acg.edu\/ss200929Project\/wordpress\/wp-json\/wp\/v2\/pages\/102"}],"collection":[{"href":"https:\/\/ss200929ht4436spr23.students.acg.edu\/ss200929Project\/wordpress\/wp-json\/wp\/v2\/pages"}],"about":[{"href":"https:\/\/ss200929ht4436spr23.students.acg.edu\/ss200929Project\/wordpress\/wp-json\/wp\/v2\/types\/page"}],"author":[{"embeddable":true,"href":"https:\/\/ss200929ht4436spr23.students.acg.edu\/ss200929Project\/wordpress\/wp-json\/wp\/v2\/users\/1"}],"replies":[{"embeddable":true,"href":"https:\/\/ss200929ht4436spr23.students.acg.edu\/ss200929Project\/wordpress\/wp-json\/wp\/v2\/comments?post=102"}],"version-history":[{"count":3,"href":"https:\/\/ss200929ht4436spr23.students.acg.edu\/ss200929Project\/wordpress\/wp-json\/wp\/v2\/pages\/102\/revisions"}],"predecessor-version":[{"id":221,"href":"https:\/\/ss200929ht4436spr23.students.acg.edu\/ss200929Project\/wordpress\/wp-json\/wp\/v2\/pages\/102\/revisions\/221"}],"wp:attachment":[{"href":"https:\/\/ss200929ht4436spr23.students.acg.edu\/ss200929Project\/wordpress\/wp-json\/wp\/v2\/media?parent=102"}],"curies":[{"name":"wp","href":"https:\/\/api.w.org\/{rel}","templated":true}]}}